{"id":1298,"date":"2024-04-25T20:22:45","date_gmt":"2024-04-25T20:22:45","guid":{"rendered":"https:\/\/powerdex.com.tr\/?post_type=product&#038;p=1298"},"modified":"2024-04-25T20:23:41","modified_gmt":"2024-04-25T20:23:41","slug":"1298","status":"publish","type":"product","link":"https:\/\/powerdex.com.tr\/?product=1298","title":{"rendered":"POWERDEX PD-1515"},"content":{"rendered":"<p style=\"font-weight: 400;\"><b><strong>Powerdex PD-1515 Ta\u015f\u0131nabilir \u015earjl\u0131 Kamp Lambas\u0131<\/strong><\/b><\/p>\n<p style=\"font-weight: 400;\">COB Led<\/p>\n<p style=\"font-weight: 400;\">Asmak i\u00e7in ask\u0131 aparat\u0131<\/p>\n<p style=\"font-weight: 400;\">Ya\u011fmur suyu ge\u00e7irmez<\/p>\n<p style=\"font-weight: 400;\">Y\u00fcksek I\u015f\u0131k performans\u0131<\/p>\n<p style=\"font-weight: 400;\">I\u015f\u0131k ayar\u0131 kademeli ayarlanabilir<\/p>\n<p style=\"font-weight: 400;\">USB den \u015farj edilir (18650 \u015farjl\u0131 pilli)<\/p>\n<p style=\"font-weight: 400;\">Boy: 14 cm<\/p>\n<p style=\"font-weight: 400;\">Geni\u015flik:10 cm<\/p>\n<p style=\"font-weight: 400;\">A\u011f\u0131rl\u0131k: 153 gr<\/p>\n","protected":false},"excerpt":{"rendered":"<p>Powerdex PD-1515 Ta\u015f\u0131nabilir \u015earjl\u0131 Kamp Lambas\u0131 COB Led Asmak i\u00e7in ask\u0131 aparat\u0131 Ya\u011fmur suyu ge\u00e7irmez Y\u00fcksek I\u015f\u0131k performans\u0131 I\u015f\u0131k ayar\u0131 kademeli ayarlanabilir USB den \u015farj edilir (18650 \u015farjl\u0131 pilli) Boy: 14 cm Geni\u015flik:10 cm A\u011f\u0131rl\u0131k: 153 gr<\/p>\n","protected":false},"featured_media":1238,"comment_status":"open","ping_status":"closed","template":"","meta":{"_kadence_starter_templates_imported_post":false,"_kad_post_transparent":"","_kad_post_title":"","_kad_post_layout":"","_kad_post_sidebar_id":"","_kad_post_content_style":"","_kad_post_vertical_padding":"","_kad_post_feature":"","_kad_post_feature_position":"","_kad_post_header":false,"_kad_post_footer":false,"_kad_post_classname":""},"product_brand":[],"product_cat":[30],"product_tag":[],"class_list":{"0":"post-1298","1":"product","2":"type-product","3":"status-publish","4":"has-post-thumbnail","6":"product_cat-kamp-lambasi","8":"first","9":"instock","10":"shipping-taxable","11":"product-type-simple","12":"entry","13":"content-bg","14":"loop-entry"},"_links":{"self":[{"href":"https:\/\/powerdex.com.tr\/index.php?rest_route=\/wp\/v2\/product\/1298","targetHints":{"allow":["GET"]}}],"collection":[{"href":"https:\/\/powerdex.com.tr\/index.php?rest_route=\/wp\/v2\/product"}],"about":[{"href":"https:\/\/powerdex.com.tr\/index.php?rest_route=\/wp\/v2\/types\/product"}],"replies":[{"embeddable":true,"href":"https:\/\/powerdex.com.tr\/index.php?rest_route=%2Fwp%2Fv2%2Fcomments&post=1298"}],"version-history":[{"count":3,"href":"https:\/\/powerdex.com.tr\/index.php?rest_route=\/wp\/v2\/product\/1298\/revisions"}],"predecessor-version":[{"id":1301,"href":"https:\/\/powerdex.com.tr\/index.php?rest_route=\/wp\/v2\/product\/1298\/revisions\/1301"}],"wp:featuredmedia":[{"embeddable":true,"href":"https:\/\/powerdex.com.tr\/index.php?rest_route=\/wp\/v2\/media\/1238"}],"wp:attachment":[{"href":"https:\/\/powerdex.com.tr\/index.php?rest_route=%2Fwp%2Fv2%2Fmedia&parent=1298"}],"wp:term":[{"taxonomy":"product_brand","embeddable":true,"href":"https:\/\/powerdex.com.tr\/index.php?rest_route=%2Fwp%2Fv2%2Fproduct_brand&post=1298"},{"taxonomy":"product_cat","embeddable":true,"href":"https:\/\/powerdex.com.tr\/index.php?rest_route=%2Fwp%2Fv2%2Fproduct_cat&post=1298"},{"taxonomy":"product_tag","embeddable":true,"href":"https:\/\/powerdex.com.tr\/index.php?rest_route=%2Fwp%2Fv2%2Fproduct_tag&post=1298"}],"curies":[{"name":"wp","href":"https:\/\/api.w.org\/{rel}","templated":true}]}}