{"id":1458,"date":"2024-04-26T18:41:43","date_gmt":"2024-04-26T18:41:43","guid":{"rendered":"https:\/\/powerdex.com.tr\/?post_type=product&#038;p=1458"},"modified":"2024-04-26T18:41:43","modified_gmt":"2024-04-26T18:41:43","slug":"powerdex-pd-6565","status":"publish","type":"product","link":"https:\/\/powerdex.com.tr\/?product=powerdex-pd-6565","title":{"rendered":"Powerdex PD-6565"},"content":{"rendered":"<ul class=\"detail-desc-list\">\n<li>8 SAAT KES\u0130NT\u0130S\u0130Z \u00c7ALI\u015eIR<\/li>\n<li>18650 P\u0130L<\/li>\n<li>COB\/LED TEKNOLOJ\u0130S\u0130<\/li>\n<li>G\u00dcNE\u015e PANEL\u0130<\/li>\n<li>USB-M\u0130CRO \u015eARJ KABLOSU<\/li>\n<\/ul>\n","protected":false},"excerpt":{"rendered":"<p>8 SAAT KES\u0130NT\u0130S\u0130Z \u00c7ALI\u015eIR 18650 P\u0130L COB\/LED TEKNOLOJ\u0130S\u0130 G\u00dcNE\u015e PANEL\u0130 USB-M\u0130CRO \u015eARJ KABLOSU<\/p>\n","protected":false},"featured_media":1235,"comment_status":"open","ping_status":"closed","template":"","meta":{"_kadence_starter_templates_imported_post":false,"_kad_post_transparent":"","_kad_post_title":"","_kad_post_layout":"","_kad_post_sidebar_id":"","_kad_post_content_style":"","_kad_post_vertical_padding":"","_kad_post_feature":"","_kad_post_feature_position":"","_kad_post_header":false,"_kad_post_footer":false,"_kad_post_classname":""},"product_brand":[],"product_cat":[28,30],"product_tag":[],"class_list":{"0":"post-1458","1":"product","2":"type-product","3":"status-publish","4":"has-post-thumbnail","6":"product_cat-el-fenerleri","7":"product_cat-kamp-lambasi","9":"first","10":"instock","11":"shipping-taxable","12":"product-type-simple","13":"entry","14":"content-bg","15":"loop-entry"},"_links":{"self":[{"href":"https:\/\/powerdex.com.tr\/index.php?rest_route=\/wp\/v2\/product\/1458","targetHints":{"allow":["GET"]}}],"collection":[{"href":"https:\/\/powerdex.com.tr\/index.php?rest_route=\/wp\/v2\/product"}],"about":[{"href":"https:\/\/powerdex.com.tr\/index.php?rest_route=\/wp\/v2\/types\/product"}],"replies":[{"embeddable":true,"href":"https:\/\/powerdex.com.tr\/index.php?rest_route=%2Fwp%2Fv2%2Fcomments&post=1458"}],"version-history":[{"count":1,"href":"https:\/\/powerdex.com.tr\/index.php?rest_route=\/wp\/v2\/product\/1458\/revisions"}],"predecessor-version":[{"id":1459,"href":"https:\/\/powerdex.com.tr\/index.php?rest_route=\/wp\/v2\/product\/1458\/revisions\/1459"}],"wp:featuredmedia":[{"embeddable":true,"href":"https:\/\/powerdex.com.tr\/index.php?rest_route=\/wp\/v2\/media\/1235"}],"wp:attachment":[{"href":"https:\/\/powerdex.com.tr\/index.php?rest_route=%2Fwp%2Fv2%2Fmedia&parent=1458"}],"wp:term":[{"taxonomy":"product_brand","embeddable":true,"href":"https:\/\/powerdex.com.tr\/index.php?rest_route=%2Fwp%2Fv2%2Fproduct_brand&post=1458"},{"taxonomy":"product_cat","embeddable":true,"href":"https:\/\/powerdex.com.tr\/index.php?rest_route=%2Fwp%2Fv2%2Fproduct_cat&post=1458"},{"taxonomy":"product_tag","embeddable":true,"href":"https:\/\/powerdex.com.tr\/index.php?rest_route=%2Fwp%2Fv2%2Fproduct_tag&post=1458"}],"curies":[{"name":"wp","href":"https:\/\/api.w.org\/{rel}","templated":true}]}}