{"id":748,"date":"2022-09-08T12:40:16","date_gmt":"2022-09-08T12:40:16","guid":{"rendered":"https:\/\/powerdex.com.tr\/?post_type=product&#038;p=748"},"modified":"2022-09-11T10:23:53","modified_gmt":"2022-09-11T10:23:53","slug":"pd-6007-sarj-edilebilir-el-feneri","status":"publish","type":"product","link":"https:\/\/powerdex.com.tr\/?product=pd-6007-sarj-edilebilir-el-feneri","title":{"rendered":"PD-6007 \u015eARJ ED\u0130LEB\u0130L\u0130R EL FENER\u0130"},"content":{"rendered":"<p>Enerji Tasarrufu<\/p>\n<p>Ya\u011fmur suyu ge\u00e7irmez<\/p>\n<p>Darbeye ve patlamaya Dayan\u0131kl\u0131 LED<\/p>\n<p>8w<\/p>\n<p>5w-1a \u015farj aleti<\/p>\n<p>\u015farj kablosu<\/p>\n<p>2200mAh \u015farj edilebilir batarya<\/p>\n","protected":false},"excerpt":{"rendered":"<p>Enerji Tasarrufu Ya\u011fmur suyu ge\u00e7irmez Darbeye ve patlamaya Dayan\u0131kl\u0131 LED 8w 5w-1a \u015farj aleti \u015farj kablosu 2200mAh \u015farj edilebilir batarya<\/p>\n","protected":false},"featured_media":749,"comment_status":"open","ping_status":"closed","template":"","meta":{"_kadence_starter_templates_imported_post":false,"_kad_post_transparent":"","_kad_post_title":"","_kad_post_layout":"","_kad_post_sidebar_id":"","_kad_post_content_style":"","_kad_post_vertical_padding":"","_kad_post_feature":"","_kad_post_feature_position":"","_kad_post_header":false,"_kad_post_footer":false,"_kad_post_classname":""},"product_brand":[],"product_cat":[28],"product_tag":[],"class_list":{"0":"post-748","1":"product","2":"type-product","3":"status-publish","4":"has-post-thumbnail","6":"product_cat-el-fenerleri","8":"first","9":"instock","10":"shipping-taxable","11":"product-type-simple","12":"entry","13":"content-bg","14":"loop-entry"},"_links":{"self":[{"href":"https:\/\/powerdex.com.tr\/index.php?rest_route=\/wp\/v2\/product\/748","targetHints":{"allow":["GET"]}}],"collection":[{"href":"https:\/\/powerdex.com.tr\/index.php?rest_route=\/wp\/v2\/product"}],"about":[{"href":"https:\/\/powerdex.com.tr\/index.php?rest_route=\/wp\/v2\/types\/product"}],"replies":[{"embeddable":true,"href":"https:\/\/powerdex.com.tr\/index.php?rest_route=%2Fwp%2Fv2%2Fcomments&post=748"}],"version-history":[{"count":4,"href":"https:\/\/powerdex.com.tr\/index.php?rest_route=\/wp\/v2\/product\/748\/revisions"}],"predecessor-version":[{"id":795,"href":"https:\/\/powerdex.com.tr\/index.php?rest_route=\/wp\/v2\/product\/748\/revisions\/795"}],"wp:featuredmedia":[{"embeddable":true,"href":"https:\/\/powerdex.com.tr\/index.php?rest_route=\/wp\/v2\/media\/749"}],"wp:attachment":[{"href":"https:\/\/powerdex.com.tr\/index.php?rest_route=%2Fwp%2Fv2%2Fmedia&parent=748"}],"wp:term":[{"taxonomy":"product_brand","embeddable":true,"href":"https:\/\/powerdex.com.tr\/index.php?rest_route=%2Fwp%2Fv2%2Fproduct_brand&post=748"},{"taxonomy":"product_cat","embeddable":true,"href":"https:\/\/powerdex.com.tr\/index.php?rest_route=%2Fwp%2Fv2%2Fproduct_cat&post=748"},{"taxonomy":"product_tag","embeddable":true,"href":"https:\/\/powerdex.com.tr\/index.php?rest_route=%2Fwp%2Fv2%2Fproduct_tag&post=748"}],"curies":[{"name":"wp","href":"https:\/\/api.w.org\/{rel}","templated":true}]}}